{"id":926,"date":"2024-01-03T18:34:56","date_gmt":"2024-01-03T18:34:56","guid":{"rendered":"http:\/\/revensa.net\/wordpress\/?post_type=product&#038;p=926"},"modified":"2024-01-03T19:54:39","modified_gmt":"2024-01-03T19:54:39","slug":"bombas-de-presion-y-caudal-2","status":"publish","type":"product","link":"http:\/\/revensa.net\/wordpress\/product\/bombas-de-presion-y-caudal-2\/","title":{"rendered":"Bombas de Presi\u00f3n y Caudal"},"content":{"rendered":"<p>6-13 Caballos \/ HP &#8211; 2 a 4 plgs<\/p>\n","protected":false},"excerpt":{"rendered":"<p>KTC<\/p>\n","protected":false},"featured_media":953,"comment_status":"open","ping_status":"closed","template":"","meta":{"nf_dc_page":"","om_disable_all_campaigns":false,"_monsterinsights_skip_tracking":false,"_monsterinsights_sitenote_active":false,"_monsterinsights_sitenote_note":"","_monsterinsights_sitenote_category":0},"product_brand":[],"product_cat":[31],"product_tag":[],"class_list":{"0":"post-926","1":"product","2":"type-product","3":"status-publish","4":"has-post-thumbnail","6":"product_cat-bombas-de-presion-caudal","8":"first","9":"instock","10":"shipping-taxable","11":"product-type-simple"},"yoast_head":"<!-- This site is optimized with the Yoast SEO plugin v26.8 - https:\/\/yoast.com\/product\/yoast-seo-wordpress\/ -->\n<title>Bombas de Presi\u00f3n y Caudal - Revensa<\/title>\n<meta name=\"robots\" content=\"index, follow, max-snippet:-1, max-image-preview:large, max-video-preview:-1\" \/>\n<link rel=\"canonical\" href=\"http:\/\/revensa.net\/wordpress\/product\/bombas-de-presion-y-caudal-2\/\" \/>\n<meta property=\"og:locale\" content=\"en_US\" \/>\n<meta property=\"og:type\" content=\"article\" \/>\n<meta property=\"og:title\" content=\"Bombas de Presi\u00f3n y Caudal - Revensa\" \/>\n<meta property=\"og:description\" content=\"KTC\" \/>\n<meta property=\"og:url\" content=\"http:\/\/revensa.net\/wordpress\/product\/bombas-de-presion-y-caudal-2\/\" \/>\n<meta property=\"og:site_name\" content=\"Revensa\" \/>\n<meta property=\"article:modified_time\" content=\"2024-01-03T19:54:39+00:00\" \/>\n<meta property=\"og:image\" content=\"http:\/\/revensa.net\/wordpress\/wp-content\/uploads\/2024\/01\/KTC-PC.png\" \/>\n\t<meta property=\"og:image:width\" content=\"640\" \/>\n\t<meta property=\"og:image:height\" content=\"640\" \/>\n\t<meta property=\"og:image:type\" content=\"image\/png\" \/>\n<meta name=\"twitter:card\" content=\"summary_large_image\" \/>\n<meta name=\"twitter:label1\" content=\"Est. reading time\" \/>\n\t<meta name=\"twitter:data1\" content=\"1 minute\" \/>\n<script type=\"application\/ld+json\" class=\"yoast-schema-graph\">{\"@context\":\"https:\/\/schema.org\",\"@graph\":[{\"@type\":\"WebPage\",\"@id\":\"http:\/\/revensa.net\/wordpress\/product\/bombas-de-presion-y-caudal-2\/\",\"url\":\"http:\/\/revensa.net\/wordpress\/product\/bombas-de-presion-y-caudal-2\/\",\"name\":\"Bombas de Presi\u00f3n y Caudal - Revensa\",\"isPartOf\":{\"@id\":\"http:\/\/revensa.net\/wordpress\/#website\"},\"primaryImageOfPage\":{\"@id\":\"http:\/\/revensa.net\/wordpress\/product\/bombas-de-presion-y-caudal-2\/#primaryimage\"},\"image\":{\"@id\":\"http:\/\/revensa.net\/wordpress\/product\/bombas-de-presion-y-caudal-2\/#primaryimage\"},\"thumbnailUrl\":\"http:\/\/revensa.net\/wordpress\/wp-content\/uploads\/2024\/01\/KTC-PC.png\",\"datePublished\":\"2024-01-03T18:34:56+00:00\",\"dateModified\":\"2024-01-03T19:54:39+00:00\",\"breadcrumb\":{\"@id\":\"http:\/\/revensa.net\/wordpress\/product\/bombas-de-presion-y-caudal-2\/#breadcrumb\"},\"inLanguage\":\"en-US\",\"potentialAction\":[{\"@type\":\"ReadAction\",\"target\":[\"http:\/\/revensa.net\/wordpress\/product\/bombas-de-presion-y-caudal-2\/\"]}]},{\"@type\":\"ImageObject\",\"inLanguage\":\"en-US\",\"@id\":\"http:\/\/revensa.net\/wordpress\/product\/bombas-de-presion-y-caudal-2\/#primaryimage\",\"url\":\"http:\/\/revensa.net\/wordpress\/wp-content\/uploads\/2024\/01\/KTC-PC.png\",\"contentUrl\":\"http:\/\/revensa.net\/wordpress\/wp-content\/uploads\/2024\/01\/KTC-PC.png\",\"width\":640,\"height\":640},{\"@type\":\"BreadcrumbList\",\"@id\":\"http:\/\/revensa.net\/wordpress\/product\/bombas-de-presion-y-caudal-2\/#breadcrumb\",\"itemListElement\":[{\"@type\":\"ListItem\",\"position\":1,\"name\":\"Home\",\"item\":\"http:\/\/revensa.net\/wordpress\/\"},{\"@type\":\"ListItem\",\"position\":2,\"name\":\"Shop\",\"item\":\"http:\/\/revensa.net\/wordpress\/shop\/\"},{\"@type\":\"ListItem\",\"position\":3,\"name\":\"Bombas de Presi\u00f3n y Caudal\"}]},{\"@type\":\"WebSite\",\"@id\":\"http:\/\/revensa.net\/wordpress\/#website\",\"url\":\"http:\/\/revensa.net\/wordpress\/\",\"name\":\"Revensa\",\"description\":\"M\u00e1s de 50 a\u00f1os en el mercado de maquinaria agr\u00edcola, equipo de jard\u00edn, repuestos y servicios de mantenimiento.\",\"publisher\":{\"@id\":\"http:\/\/revensa.net\/wordpress\/#organization\"},\"potentialAction\":[{\"@type\":\"SearchAction\",\"target\":{\"@type\":\"EntryPoint\",\"urlTemplate\":\"http:\/\/revensa.net\/wordpress\/?s={search_term_string}\"},\"query-input\":{\"@type\":\"PropertyValueSpecification\",\"valueRequired\":true,\"valueName\":\"search_term_string\"}}],\"inLanguage\":\"en-US\"},{\"@type\":\"Organization\",\"@id\":\"http:\/\/revensa.net\/wordpress\/#organization\",\"name\":\"Revensa\",\"url\":\"http:\/\/revensa.net\/wordpress\/\",\"logo\":{\"@type\":\"ImageObject\",\"inLanguage\":\"en-US\",\"@id\":\"http:\/\/revensa.net\/wordpress\/#\/schema\/logo\/image\/\",\"url\":\"http:\/\/revensa.net\/wordpress\/wp-content\/uploads\/2023\/10\/revensa-logo.png\",\"contentUrl\":\"http:\/\/revensa.net\/wordpress\/wp-content\/uploads\/2023\/10\/revensa-logo.png\",\"width\":372,\"height\":134,\"caption\":\"Revensa\"},\"image\":{\"@id\":\"http:\/\/revensa.net\/wordpress\/#\/schema\/logo\/image\/\"}}]}<\/script>\n<!-- \/ Yoast SEO plugin. -->","yoast_head_json":{"title":"Bombas de Presi\u00f3n y Caudal - Revensa","robots":{"index":"index","follow":"follow","max-snippet":"max-snippet:-1","max-image-preview":"max-image-preview:large","max-video-preview":"max-video-preview:-1"},"canonical":"http:\/\/revensa.net\/wordpress\/product\/bombas-de-presion-y-caudal-2\/","og_locale":"en_US","og_type":"article","og_title":"Bombas de Presi\u00f3n y Caudal - Revensa","og_description":"KTC","og_url":"http:\/\/revensa.net\/wordpress\/product\/bombas-de-presion-y-caudal-2\/","og_site_name":"Revensa","article_modified_time":"2024-01-03T19:54:39+00:00","og_image":[{"width":640,"height":640,"url":"http:\/\/revensa.net\/wordpress\/wp-content\/uploads\/2024\/01\/KTC-PC.png","type":"image\/png"}],"twitter_card":"summary_large_image","twitter_misc":{"Est. reading time":"1 minute"},"schema":{"@context":"https:\/\/schema.org","@graph":[{"@type":"WebPage","@id":"http:\/\/revensa.net\/wordpress\/product\/bombas-de-presion-y-caudal-2\/","url":"http:\/\/revensa.net\/wordpress\/product\/bombas-de-presion-y-caudal-2\/","name":"Bombas de Presi\u00f3n y Caudal - Revensa","isPartOf":{"@id":"http:\/\/revensa.net\/wordpress\/#website"},"primaryImageOfPage":{"@id":"http:\/\/revensa.net\/wordpress\/product\/bombas-de-presion-y-caudal-2\/#primaryimage"},"image":{"@id":"http:\/\/revensa.net\/wordpress\/product\/bombas-de-presion-y-caudal-2\/#primaryimage"},"thumbnailUrl":"http:\/\/revensa.net\/wordpress\/wp-content\/uploads\/2024\/01\/KTC-PC.png","datePublished":"2024-01-03T18:34:56+00:00","dateModified":"2024-01-03T19:54:39+00:00","breadcrumb":{"@id":"http:\/\/revensa.net\/wordpress\/product\/bombas-de-presion-y-caudal-2\/#breadcrumb"},"inLanguage":"en-US","potentialAction":[{"@type":"ReadAction","target":["http:\/\/revensa.net\/wordpress\/product\/bombas-de-presion-y-caudal-2\/"]}]},{"@type":"ImageObject","inLanguage":"en-US","@id":"http:\/\/revensa.net\/wordpress\/product\/bombas-de-presion-y-caudal-2\/#primaryimage","url":"http:\/\/revensa.net\/wordpress\/wp-content\/uploads\/2024\/01\/KTC-PC.png","contentUrl":"http:\/\/revensa.net\/wordpress\/wp-content\/uploads\/2024\/01\/KTC-PC.png","width":640,"height":640},{"@type":"BreadcrumbList","@id":"http:\/\/revensa.net\/wordpress\/product\/bombas-de-presion-y-caudal-2\/#breadcrumb","itemListElement":[{"@type":"ListItem","position":1,"name":"Home","item":"http:\/\/revensa.net\/wordpress\/"},{"@type":"ListItem","position":2,"name":"Shop","item":"http:\/\/revensa.net\/wordpress\/shop\/"},{"@type":"ListItem","position":3,"name":"Bombas de Presi\u00f3n y Caudal"}]},{"@type":"WebSite","@id":"http:\/\/revensa.net\/wordpress\/#website","url":"http:\/\/revensa.net\/wordpress\/","name":"Revensa","description":"M\u00e1s de 50 a\u00f1os en el mercado de maquinaria agr\u00edcola, equipo de jard\u00edn, repuestos y servicios de mantenimiento.","publisher":{"@id":"http:\/\/revensa.net\/wordpress\/#organization"},"potentialAction":[{"@type":"SearchAction","target":{"@type":"EntryPoint","urlTemplate":"http:\/\/revensa.net\/wordpress\/?s={search_term_string}"},"query-input":{"@type":"PropertyValueSpecification","valueRequired":true,"valueName":"search_term_string"}}],"inLanguage":"en-US"},{"@type":"Organization","@id":"http:\/\/revensa.net\/wordpress\/#organization","name":"Revensa","url":"http:\/\/revensa.net\/wordpress\/","logo":{"@type":"ImageObject","inLanguage":"en-US","@id":"http:\/\/revensa.net\/wordpress\/#\/schema\/logo\/image\/","url":"http:\/\/revensa.net\/wordpress\/wp-content\/uploads\/2023\/10\/revensa-logo.png","contentUrl":"http:\/\/revensa.net\/wordpress\/wp-content\/uploads\/2023\/10\/revensa-logo.png","width":372,"height":134,"caption":"Revensa"},"image":{"@id":"http:\/\/revensa.net\/wordpress\/#\/schema\/logo\/image\/"}}]}},"_links":{"self":[{"href":"http:\/\/revensa.net\/wordpress\/wp-json\/wp\/v2\/product\/926","targetHints":{"allow":["GET"]}}],"collection":[{"href":"http:\/\/revensa.net\/wordpress\/wp-json\/wp\/v2\/product"}],"about":[{"href":"http:\/\/revensa.net\/wordpress\/wp-json\/wp\/v2\/types\/product"}],"replies":[{"embeddable":true,"href":"http:\/\/revensa.net\/wordpress\/wp-json\/wp\/v2\/comments?post=926"}],"wp:featuredmedia":[{"embeddable":true,"href":"http:\/\/revensa.net\/wordpress\/wp-json\/wp\/v2\/media\/953"}],"wp:attachment":[{"href":"http:\/\/revensa.net\/wordpress\/wp-json\/wp\/v2\/media?parent=926"}],"wp:term":[{"taxonomy":"product_brand","embeddable":true,"href":"http:\/\/revensa.net\/wordpress\/wp-json\/wp\/v2\/product_brand?post=926"},{"taxonomy":"product_cat","embeddable":true,"href":"http:\/\/revensa.net\/wordpress\/wp-json\/wp\/v2\/product_cat?post=926"},{"taxonomy":"product_tag","embeddable":true,"href":"http:\/\/revensa.net\/wordpress\/wp-json\/wp\/v2\/product_tag?post=926"}],"curies":[{"name":"wp","href":"https:\/\/api.w.org\/{rel}","templated":true}]}}