{"id":940,"date":"2024-01-03T18:56:42","date_gmt":"2024-01-03T18:56:42","guid":{"rendered":"http:\/\/revensa.net\/wordpress\/?post_type=product&#038;p=940"},"modified":"2024-01-03T22:12:51","modified_gmt":"2024-01-03T22:12:51","slug":"desmalezadora-o-desbrozadora","status":"publish","type":"product","link":"http:\/\/revensa.net\/wordpress\/product\/desmalezadora-o-desbrozadora\/","title":{"rendered":"Desmalezadora o desbrozadora"},"content":{"rendered":"<p>1.7 a 2 Caballos \/ HP<\/p>\n","protected":false},"excerpt":{"rendered":"<p>Hanwo<\/p>\n","protected":false},"featured_media":962,"comment_status":"open","ping_status":"closed","template":"","meta":{"nf_dc_page":"","om_disable_all_campaigns":false,"_monsterinsights_skip_tracking":false,"_monsterinsights_sitenote_active":false,"_monsterinsights_sitenote_note":"","_monsterinsights_sitenote_category":0},"product_brand":[],"product_cat":[44],"product_tag":[],"class_list":{"0":"post-940","1":"product","2":"type-product","3":"status-publish","4":"has-post-thumbnail","6":"product_cat-desmalezadora","8":"first","9":"instock","10":"shipping-taxable","11":"product-type-simple"},"yoast_head":"<!-- This site is optimized with the Yoast SEO plugin v26.8 - https:\/\/yoast.com\/product\/yoast-seo-wordpress\/ -->\n<title>Desmalezadora o desbrozadora - Revensa<\/title>\n<meta name=\"robots\" content=\"index, follow, max-snippet:-1, max-image-preview:large, max-video-preview:-1\" \/>\n<link rel=\"canonical\" href=\"http:\/\/revensa.net\/wordpress\/product\/desmalezadora-o-desbrozadora\/\" \/>\n<meta property=\"og:locale\" content=\"en_US\" \/>\n<meta property=\"og:type\" content=\"article\" \/>\n<meta property=\"og:title\" content=\"Desmalezadora o desbrozadora - Revensa\" \/>\n<meta property=\"og:description\" content=\"Hanwo\" \/>\n<meta property=\"og:url\" content=\"http:\/\/revensa.net\/wordpress\/product\/desmalezadora-o-desbrozadora\/\" \/>\n<meta property=\"og:site_name\" content=\"Revensa\" \/>\n<meta property=\"article:modified_time\" content=\"2024-01-03T22:12:51+00:00\" \/>\n<meta property=\"og:image\" content=\"http:\/\/revensa.net\/wordpress\/wp-content\/uploads\/2024\/01\/desmelazadora-hanwo.png\" \/>\n\t<meta property=\"og:image:width\" content=\"848\" \/>\n\t<meta property=\"og:image:height\" content=\"854\" \/>\n\t<meta property=\"og:image:type\" content=\"image\/png\" \/>\n<meta name=\"twitter:card\" content=\"summary_large_image\" \/>\n<meta name=\"twitter:label1\" content=\"Est. reading time\" \/>\n\t<meta name=\"twitter:data1\" content=\"1 minute\" \/>\n<script type=\"application\/ld+json\" class=\"yoast-schema-graph\">{\"@context\":\"https:\/\/schema.org\",\"@graph\":[{\"@type\":\"WebPage\",\"@id\":\"http:\/\/revensa.net\/wordpress\/product\/desmalezadora-o-desbrozadora\/\",\"url\":\"http:\/\/revensa.net\/wordpress\/product\/desmalezadora-o-desbrozadora\/\",\"name\":\"Desmalezadora o desbrozadora - Revensa\",\"isPartOf\":{\"@id\":\"http:\/\/revensa.net\/wordpress\/#website\"},\"primaryImageOfPage\":{\"@id\":\"http:\/\/revensa.net\/wordpress\/product\/desmalezadora-o-desbrozadora\/#primaryimage\"},\"image\":{\"@id\":\"http:\/\/revensa.net\/wordpress\/product\/desmalezadora-o-desbrozadora\/#primaryimage\"},\"thumbnailUrl\":\"http:\/\/revensa.net\/wordpress\/wp-content\/uploads\/2024\/01\/desmelazadora-hanwo.png\",\"datePublished\":\"2024-01-03T18:56:42+00:00\",\"dateModified\":\"2024-01-03T22:12:51+00:00\",\"breadcrumb\":{\"@id\":\"http:\/\/revensa.net\/wordpress\/product\/desmalezadora-o-desbrozadora\/#breadcrumb\"},\"inLanguage\":\"en-US\",\"potentialAction\":[{\"@type\":\"ReadAction\",\"target\":[\"http:\/\/revensa.net\/wordpress\/product\/desmalezadora-o-desbrozadora\/\"]}]},{\"@type\":\"ImageObject\",\"inLanguage\":\"en-US\",\"@id\":\"http:\/\/revensa.net\/wordpress\/product\/desmalezadora-o-desbrozadora\/#primaryimage\",\"url\":\"http:\/\/revensa.net\/wordpress\/wp-content\/uploads\/2024\/01\/desmelazadora-hanwo.png\",\"contentUrl\":\"http:\/\/revensa.net\/wordpress\/wp-content\/uploads\/2024\/01\/desmelazadora-hanwo.png\",\"width\":848,\"height\":854},{\"@type\":\"BreadcrumbList\",\"@id\":\"http:\/\/revensa.net\/wordpress\/product\/desmalezadora-o-desbrozadora\/#breadcrumb\",\"itemListElement\":[{\"@type\":\"ListItem\",\"position\":1,\"name\":\"Home\",\"item\":\"http:\/\/revensa.net\/wordpress\/\"},{\"@type\":\"ListItem\",\"position\":2,\"name\":\"Shop\",\"item\":\"http:\/\/revensa.net\/wordpress\/shop\/\"},{\"@type\":\"ListItem\",\"position\":3,\"name\":\"Desmalezadora o desbrozadora\"}]},{\"@type\":\"WebSite\",\"@id\":\"http:\/\/revensa.net\/wordpress\/#website\",\"url\":\"http:\/\/revensa.net\/wordpress\/\",\"name\":\"Revensa\",\"description\":\"M\u00e1s de 50 a\u00f1os en el mercado de maquinaria agr\u00edcola, equipo de jard\u00edn, repuestos y servicios de mantenimiento.\",\"publisher\":{\"@id\":\"http:\/\/revensa.net\/wordpress\/#organization\"},\"potentialAction\":[{\"@type\":\"SearchAction\",\"target\":{\"@type\":\"EntryPoint\",\"urlTemplate\":\"http:\/\/revensa.net\/wordpress\/?s={search_term_string}\"},\"query-input\":{\"@type\":\"PropertyValueSpecification\",\"valueRequired\":true,\"valueName\":\"search_term_string\"}}],\"inLanguage\":\"en-US\"},{\"@type\":\"Organization\",\"@id\":\"http:\/\/revensa.net\/wordpress\/#organization\",\"name\":\"Revensa\",\"url\":\"http:\/\/revensa.net\/wordpress\/\",\"logo\":{\"@type\":\"ImageObject\",\"inLanguage\":\"en-US\",\"@id\":\"http:\/\/revensa.net\/wordpress\/#\/schema\/logo\/image\/\",\"url\":\"http:\/\/revensa.net\/wordpress\/wp-content\/uploads\/2023\/10\/revensa-logo.png\",\"contentUrl\":\"http:\/\/revensa.net\/wordpress\/wp-content\/uploads\/2023\/10\/revensa-logo.png\",\"width\":372,\"height\":134,\"caption\":\"Revensa\"},\"image\":{\"@id\":\"http:\/\/revensa.net\/wordpress\/#\/schema\/logo\/image\/\"}}]}<\/script>\n<!-- \/ Yoast SEO plugin. -->","yoast_head_json":{"title":"Desmalezadora o desbrozadora - Revensa","robots":{"index":"index","follow":"follow","max-snippet":"max-snippet:-1","max-image-preview":"max-image-preview:large","max-video-preview":"max-video-preview:-1"},"canonical":"http:\/\/revensa.net\/wordpress\/product\/desmalezadora-o-desbrozadora\/","og_locale":"en_US","og_type":"article","og_title":"Desmalezadora o desbrozadora - Revensa","og_description":"Hanwo","og_url":"http:\/\/revensa.net\/wordpress\/product\/desmalezadora-o-desbrozadora\/","og_site_name":"Revensa","article_modified_time":"2024-01-03T22:12:51+00:00","og_image":[{"width":848,"height":854,"url":"http:\/\/revensa.net\/wordpress\/wp-content\/uploads\/2024\/01\/desmelazadora-hanwo.png","type":"image\/png"}],"twitter_card":"summary_large_image","twitter_misc":{"Est. reading time":"1 minute"},"schema":{"@context":"https:\/\/schema.org","@graph":[{"@type":"WebPage","@id":"http:\/\/revensa.net\/wordpress\/product\/desmalezadora-o-desbrozadora\/","url":"http:\/\/revensa.net\/wordpress\/product\/desmalezadora-o-desbrozadora\/","name":"Desmalezadora o desbrozadora - Revensa","isPartOf":{"@id":"http:\/\/revensa.net\/wordpress\/#website"},"primaryImageOfPage":{"@id":"http:\/\/revensa.net\/wordpress\/product\/desmalezadora-o-desbrozadora\/#primaryimage"},"image":{"@id":"http:\/\/revensa.net\/wordpress\/product\/desmalezadora-o-desbrozadora\/#primaryimage"},"thumbnailUrl":"http:\/\/revensa.net\/wordpress\/wp-content\/uploads\/2024\/01\/desmelazadora-hanwo.png","datePublished":"2024-01-03T18:56:42+00:00","dateModified":"2024-01-03T22:12:51+00:00","breadcrumb":{"@id":"http:\/\/revensa.net\/wordpress\/product\/desmalezadora-o-desbrozadora\/#breadcrumb"},"inLanguage":"en-US","potentialAction":[{"@type":"ReadAction","target":["http:\/\/revensa.net\/wordpress\/product\/desmalezadora-o-desbrozadora\/"]}]},{"@type":"ImageObject","inLanguage":"en-US","@id":"http:\/\/revensa.net\/wordpress\/product\/desmalezadora-o-desbrozadora\/#primaryimage","url":"http:\/\/revensa.net\/wordpress\/wp-content\/uploads\/2024\/01\/desmelazadora-hanwo.png","contentUrl":"http:\/\/revensa.net\/wordpress\/wp-content\/uploads\/2024\/01\/desmelazadora-hanwo.png","width":848,"height":854},{"@type":"BreadcrumbList","@id":"http:\/\/revensa.net\/wordpress\/product\/desmalezadora-o-desbrozadora\/#breadcrumb","itemListElement":[{"@type":"ListItem","position":1,"name":"Home","item":"http:\/\/revensa.net\/wordpress\/"},{"@type":"ListItem","position":2,"name":"Shop","item":"http:\/\/revensa.net\/wordpress\/shop\/"},{"@type":"ListItem","position":3,"name":"Desmalezadora o desbrozadora"}]},{"@type":"WebSite","@id":"http:\/\/revensa.net\/wordpress\/#website","url":"http:\/\/revensa.net\/wordpress\/","name":"Revensa","description":"M\u00e1s de 50 a\u00f1os en el mercado de maquinaria agr\u00edcola, equipo de jard\u00edn, repuestos y servicios de mantenimiento.","publisher":{"@id":"http:\/\/revensa.net\/wordpress\/#organization"},"potentialAction":[{"@type":"SearchAction","target":{"@type":"EntryPoint","urlTemplate":"http:\/\/revensa.net\/wordpress\/?s={search_term_string}"},"query-input":{"@type":"PropertyValueSpecification","valueRequired":true,"valueName":"search_term_string"}}],"inLanguage":"en-US"},{"@type":"Organization","@id":"http:\/\/revensa.net\/wordpress\/#organization","name":"Revensa","url":"http:\/\/revensa.net\/wordpress\/","logo":{"@type":"ImageObject","inLanguage":"en-US","@id":"http:\/\/revensa.net\/wordpress\/#\/schema\/logo\/image\/","url":"http:\/\/revensa.net\/wordpress\/wp-content\/uploads\/2023\/10\/revensa-logo.png","contentUrl":"http:\/\/revensa.net\/wordpress\/wp-content\/uploads\/2023\/10\/revensa-logo.png","width":372,"height":134,"caption":"Revensa"},"image":{"@id":"http:\/\/revensa.net\/wordpress\/#\/schema\/logo\/image\/"}}]}},"_links":{"self":[{"href":"http:\/\/revensa.net\/wordpress\/wp-json\/wp\/v2\/product\/940","targetHints":{"allow":["GET"]}}],"collection":[{"href":"http:\/\/revensa.net\/wordpress\/wp-json\/wp\/v2\/product"}],"about":[{"href":"http:\/\/revensa.net\/wordpress\/wp-json\/wp\/v2\/types\/product"}],"replies":[{"embeddable":true,"href":"http:\/\/revensa.net\/wordpress\/wp-json\/wp\/v2\/comments?post=940"}],"wp:featuredmedia":[{"embeddable":true,"href":"http:\/\/revensa.net\/wordpress\/wp-json\/wp\/v2\/media\/962"}],"wp:attachment":[{"href":"http:\/\/revensa.net\/wordpress\/wp-json\/wp\/v2\/media?parent=940"}],"wp:term":[{"taxonomy":"product_brand","embeddable":true,"href":"http:\/\/revensa.net\/wordpress\/wp-json\/wp\/v2\/product_brand?post=940"},{"taxonomy":"product_cat","embeddable":true,"href":"http:\/\/revensa.net\/wordpress\/wp-json\/wp\/v2\/product_cat?post=940"},{"taxonomy":"product_tag","embeddable":true,"href":"http:\/\/revensa.net\/wordpress\/wp-json\/wp\/v2\/product_tag?post=940"}],"curies":[{"name":"wp","href":"https:\/\/api.w.org\/{rel}","templated":true}]}}